{"id":211,"date":"2018-05-30T16:34:55","date_gmt":"2018-05-30T16:34:55","guid":{"rendered":"https:\/\/seomontreal.co\/?page_id=211"},"modified":"2018-05-30T16:34:55","modified_gmt":"2018-05-30T16:34:55","slug":"optimization-sur-site","status":"publish","type":"page","link":"https:\/\/premiusmarketing.com\/ca\/fr\/services\/optimization-sur-site\/","title":{"rendered":"Service d&rsquo;Optimization Sur-site"},"content":{"rendered":"<p><a href=\"https:\/\/premiusmarketing.com\/ca\/fr\/services\/\">Retour \u00e0 nos services<\/a><\/p>\n<h2>Service de r\u00e9f\u00e9rencement sur-site Montr\u00e9al<\/h2>\n<p><img decoding=\"async\" class=\"alignleft size-full wp-image-108\" src=\"https:\/\/premiusmarketing.com\/ca\/wp-content\/uploads\/2018\/03\/on-page-seo-service-in-montreal.png\" alt=\"Service de r\u00e9f\u00e9rencement sur-site Montr\u00e9al\" width=\"600\" title=\"\">Quand il s&rsquo;agit d&rsquo;optimisation de moteurs de recherche, vous ne pouvez pas simplement oublier les services d&rsquo;optimisation de page. Vous ne serez jamais en mesure d&rsquo;obtenir votre site Web dans la premi\u00e8re page des r\u00e9sultats du moteur de recherche sans pr\u00eater attention \u00e0 l&rsquo;optimisation sur la page. Par cons\u00e9quent, vous devez aller de l&rsquo;avant et obtenir les services d&rsquo;optimisation sur site que nous offrons.<\/p>\n<p>Si vous faites bien sur l&rsquo;optimisation de la page, vous serez surpris par le trafic que vous pouvez attirer vers votre site Web. Notre <a href=\"https:\/\/premiusmarketing.com\/ca\/fr\/\">agence SEO<\/a> est experte dans l&rsquo;optimisation de votre site web pour les moteurs de recherche.<\/p>\n<h2>Pourquoi avez-vous besoin de services d&rsquo;optimisation sur la page?<\/h2>\n<p>Tout d&rsquo;abord, vous devez conna\u00eetre les raisons pour lesquelles vous pouvez proposer des <strong> services de r\u00e9f\u00e9rencement sur la page <\/strong>. <a href=\"https:\/\/moz.com\/blog\/category\/on-page-seo\" target=\"_blank\" rel=\"noopener\"> Le r\u00e9f\u00e9rencement sur la page <\/a> concerne les changements que vous effectuez dans votre site Web afin d&rsquo;am\u00e9liorer la position que vous avez sur les pages de r\u00e9sultats des moteurs de recherche. Par exemple, l&rsquo;optimisation de la vitesse du site Web peut \u00eatre consid\u00e9r\u00e9e comme l&rsquo;une des meilleures techniques que vous pouvez suivre pour que votre site Web arrive en t\u00eate des pages de r\u00e9sultats des moteurs de recherche. Vous n&rsquo;avez pas besoin de vous inqui\u00e9ter de la fa\u00e7on de faire le travail parce que nous pouvons vous fournir l&rsquo;aide dont vous avez grandement besoin.<\/p>\n<h3>Comment pouvons-nous vous aider?<\/h3>\n<p>Lorsque vous confiez le <strong> r\u00e9f\u00e9rencement sur site <\/strong> \u00e0 notre entreprise, nous pr\u00eatons attention \u00e0 chaque composant de votre site Web. Nous avons des outils sp\u00e9cialis\u00e9s, o\u00f9 nous utilisons afin de rechercher toutes les avenues possibles disponibles pour suivre et am\u00e9liorer vos classements de sites Web dans les pages de r\u00e9sultats des moteurs de recherche. Par exemple, nous optimisons le contenu de votre site Web, am\u00e9liorons la vitesse de votre site Web, s\u00e9curisons votre site Web, \u00e9tablissons des liens internes, impl\u00e9mentons un sch\u00e9ma de site Web appropri\u00e9 et am\u00e9liorons les m\u00e9tabalises globales de votre site Web. Ces changements sont en mesure d&rsquo;apporter des r\u00e9sultats imm\u00e9diats \u00e0 l&rsquo;am\u00e9lioration globale de votre site Web. Par cons\u00e9quent, vous serez surpris par les services que nous vous offrons.<\/p>\n<h2>Le r\u00e9f\u00e9rencement sur site peut-il profiter \u00e0 votre entreprise?<\/h2>\n<p>Enfin, vous devriez savoir comment SEO peut contribuer au d\u00e9veloppement global de votre entreprise. La r\u00e9ponse est courte et simple. Avec <strong> optimisation de la page <\/strong>, vous pouvez facilement mettre votre site Web dans les pages de r\u00e9sultats des moteurs de recherche. C&rsquo;est parce que les principaux moteurs de recherche tels que Google pr\u00e9f\u00e8rent donner la priorit\u00e9 aux sites Web, ce qui peut fournir un meilleur service \u00e0 leurs clients. Si votre site Web dispose d&rsquo;un sch\u00e9ma appropri\u00e9 et que votre site Web affiche une vitesse de chargement plus rapide, vous pourrez en tirer une meilleure exp\u00e9rience \u00e0 la fin de la journ\u00e9e. Par cons\u00e9quent, vous pouvez facilement s\u00e9curiser vos meilleures positions dans les classements des moteurs de recherche.<\/p>\n<h2>Services SEO sur la page de Montr\u00e9al<\/h2>\n<p>Lorsque le classement de vos moteurs de recherche s&rsquo;am\u00e9liorera, vous serez en mesure d&rsquo;am\u00e9liorer la visibilit\u00e9 globale de votre entreprise. Cela peut vous aider \u00e0 attirer plus de clients vers votre entreprise et augmenter vos profits \u00e0 la fin de la journ\u00e9e. Par cons\u00e9quent, le montant que vous d\u00e9pensez sur les <strong> services SEO Montr\u00e9al <\/strong> sur la page est tout \u00e0 fait valable par rapport aux avantages que vous pourrez recevoir \u00e0 la fin de la journ\u00e9e.<\/p>\n<p>&nbsp;<\/p>\n<h3>Pour mieux comprendre le r\u00e9f\u00e9rencement sur la page et comment il peut booster vos classements, vous pouvez lire l&rsquo;article ci-dessous.<\/h3>\n<p>\u00bb <span style=\"text-decoration: underline;\"><a href=\"https:\/\/premiusmarketing.com\/ca\/fr\/optimisation-sur-site-booster-positionnement\/\">Une optimisation sur-site ad\u00e9quate peut booster votre positionnement<\/a><\/span><\/p>\n<h3>Services recommand\u00e9s pour obtenir plus de prospects et plus de trafic vers votre site Web<\/h3>\n<p>\u00bb <a href=\"https:\/\/premiusmarketing.com\/ca\/fr\/services\/analyse-seo-recherche-de-mots-cle\/\"><span style=\"text-decoration: underline;\">Analyse approfondie et compl\u00e8te du r\u00e9f\u00e9rencement<\/span><\/a><br \/>\n\u00bb <a href=\"https:\/\/premiusmarketing.com\/ca\/fr\/services\/referecement-google-maps\/\"><span style=\"text-decoration: underline;\">R\u00e9f\u00e9rencement Google Maps<\/span><\/a><br \/>\n\u00bb <a href=\"https:\/\/premiusmarketing.com\/ca\/fr\/services\/optimization-hors-site\/\"><span style=\"text-decoration: underline;\">Puissant hors-page SEO &amp; Service de back<br \/>\n<\/span><\/a><\/p>\n","protected":false},"excerpt":{"rendered":"<p>Retour \u00e0 nos services Service de r\u00e9f\u00e9rencement sur-site Montr\u00e9al Quand il s&rsquo;agit d&rsquo;optimisation de moteurs de recherche, vous ne pouvez pas simplement oublier les services d&rsquo;optimisation de page. Vous ne serez jamais en mesure d&rsquo;obtenir votre site Web dans la premi\u00e8re page des r\u00e9sultats du moteur de recherche sans pr\u00eater attention \u00e0 l&rsquo;optimisation sur la [&hellip;]<\/p>\n","protected":false},"author":6,"featured_media":108,"parent":207,"menu_order":0,"comment_status":"closed","ping_status":"closed","template":"","meta":{"_et_pb_use_builder":"","_et_pb_old_content":"<h2>Service de r\u00e9f\u00e9rencement sur-site Montr\u00e9al<\/h2>\n<img class=\"alignleft size-full wp-image-108\" src=\"https:\/\/premiusmarketing.com\/ca\/wp-content\/uploads\/2018\/03\/on-page-seo-service-in-montreal.png\" alt=\"Service de r\u00e9f\u00e9rencement sur-site Montr\u00e9al\" width=\"600\" \/>Quand il s'agit d'optimisation de Search Engine, vous ne pouvez pas simplement oublier les services d'optimisation de page. Vous ne serez jamais en mesure d'obtenir votre site Web dans la premi\u00e8re page des r\u00e9sultats du moteur de recherche sans pr\u00eater attention \u00e0 l'optimisation sur la page. Par cons\u00e9quent, vous devez aller de l'avant et obtenir les services d'optimisation sur site de <a href=\"https:\/\/premiusmarketing.com\/ca\/fr\/\">SEO Montreal 360<\/a> que nous offrons.\n\nSi vous faites bien sur l'optimisation de la page, vous serez surpris par le trafic que vous pouvez attirer vers votre site Web. Par cons\u00e9quent, vous devez passer par les services offerts par notre entreprise.\n\n<h2>Pourquoi avez-vous besoin de services d'optimisation sur la page?<\/h2>\nTout d'abord, vous devez conna\u00eetre les raisons pour lesquelles vous pouvez proposer des <strong> services de r\u00e9f\u00e9rencement sur la page <\/strong>. <a href=\"https:\/\/moz.com\/blog\/category\/on-page-seo\" target=\"_blank\" rel=\"noopener\"> Le r\u00e9f\u00e9rencement sur la page <\/a> concerne les changements que vous effectuez dans votre site Web afin d'am\u00e9liorer la position que vous avez sur les pages de r\u00e9sultats des moteurs de recherche. Par exemple, l'optimisation de la vitesse du site Web peut \u00eatre consid\u00e9r\u00e9e comme l'une des meilleures techniques que vous pouvez suivre pour que votre site Web arrive en t\u00eate des pages de r\u00e9sultats des moteurs de recherche. Vous n'avez pas besoin de vous inqui\u00e9ter de la fa\u00e7on de faire le travail parce que nous pouvons vous fournir l'aide dont vous avez grandement besoin.\n\n<h3>Comment pouvons-nous vous aider?<\/h3>\nLorsque vous confiez le <strong> r\u00e9f\u00e9rencement sur site <\/strong> \u00e0 notre entreprise, nous pr\u00eatons attention \u00e0 chaque composant de votre site Web. Nous avons des outils sp\u00e9cialis\u00e9s, o\u00f9 nous utilisons afin de rechercher toutes les avenues possibles disponibles pour suivre et am\u00e9liorer vos classements de sites Web dans les pages de r\u00e9sultats des moteurs de recherche. Par exemple, nous optimisons le contenu de votre site Web, am\u00e9liorons la vitesse de votre site Web, s\u00e9curisons votre site Web, \u00e9tablissons des liens internes, impl\u00e9mentons un sch\u00e9ma de site Web appropri\u00e9 et am\u00e9liorons les m\u00e9tabalises globales de votre site Web. Ces changements sont en mesure d'apporter des r\u00e9sultats imm\u00e9diats \u00e0 l'am\u00e9lioration globale de votre site Web. Par cons\u00e9quent, vous serez surpris par les services que nous vous offrons.\n\n<h2>Le r\u00e9f\u00e9rencement sur site peut-il profiter \u00e0 votre entreprise?<\/h2>\nEnfin, vous devriez savoir comment SEO peut contribuer au d\u00e9veloppement global de votre entreprise. La r\u00e9ponse est courte et simple. Avec <strong> optimisation de la page <\/strong>, vous pouvez facilement mettre votre site Web dans les pages de r\u00e9sultats des moteurs de recherche. C'est parce que les principaux moteurs de recherche tels que Google pr\u00e9f\u00e8rent donner la priorit\u00e9 aux sites Web, ce qui peut fournir un meilleur service \u00e0 leurs clients. Si votre site Web dispose d'un sch\u00e9ma appropri\u00e9 et que votre site Web affiche une vitesse de chargement plus rapide, vous pourrez en tirer une meilleure exp\u00e9rience \u00e0 la fin de la journ\u00e9e. Par cons\u00e9quent, vous pouvez facilement s\u00e9curiser vos meilleures positions dans les classements des moteurs de recherche.\n<h2>Services SEO sur la page de Montr\u00e9al<\/h2>\nLorsque le classement de vos moteurs de recherche s'am\u00e9liorera, vous serez en mesure d'am\u00e9liorer la visibilit\u00e9 globale de votre entreprise. Cela peut vous aider \u00e0 attirer plus de clients vers votre entreprise et augmenter vos profits \u00e0 la fin de la journ\u00e9e. Par cons\u00e9quent, le montant que vous d\u00e9pensez sur les <strong> services SEO Montr\u00e9al <\/strong> sur la page est tout \u00e0 fait valable par rapport aux avantages que vous pourrez recevoir \u00e0 la fin de la journ\u00e9e.\n\n\u00a0\n<h3>Pour mieux comprendre le r\u00e9f\u00e9rencement sur la page et comment il peut booster vos classements, vous pouvez lire l'article ci-dessous.<\/h3>\n\u00bb <span style=\"text-decoration: underline;\"><a href=\"https:\/\/premiusmarketing.com\/ca\/fr\/optimisation-sur-site-booster-positionnement\/\">Une optimisation sur-site ad\u00e9quate peut booster votre positionnement<\/a><\/span>\n<h3>Services recommand\u00e9s pour obtenir plus de prospects et plus de trafic vers votre site Web<\/h3>\n\u00bb <a href=\"https:\/\/premiusmarketing.com\/ca\/fr\/services\/analyse-seo-recherche-de-mots-cle\/\"><span style=\"text-decoration: underline;\">Analyse approfondie et compl\u00e8te du r\u00e9f\u00e9rencement<\/span><\/a>\n\u00bb <a href=\"https:\/\/premiusmarketing.com\/ca\/fr\/services\/referecement-google-maps\/\"><span style=\"text-decoration: underline;\">R\u00e9f\u00e9rencement Google Maps<\/span><\/a>\n\u00bb <a href=\"https:\/\/premiusmarketing.com\/ca\/fr\/services\/optimization-hors-site\/\"><span style=\"text-decoration: underline;\">Puissant hors-page SEO & Service de back","_et_gb_content_width":"","footnotes":""},"class_list":["post-211","page","type-page","status-publish","has-post-thumbnail","hentry"],"jetpack_sharing_enabled":true,"_links":{"self":[{"href":"https:\/\/premiusmarketing.com\/ca\/fr\/wp-json\/wp\/v2\/pages\/211","targetHints":{"allow":["GET"]}}],"collection":[{"href":"https:\/\/premiusmarketing.com\/ca\/fr\/wp-json\/wp\/v2\/pages"}],"about":[{"href":"https:\/\/premiusmarketing.com\/ca\/fr\/wp-json\/wp\/v2\/types\/page"}],"author":[{"embeddable":true,"href":"https:\/\/premiusmarketing.com\/ca\/fr\/wp-json\/wp\/v2\/users\/6"}],"replies":[{"embeddable":true,"href":"https:\/\/premiusmarketing.com\/ca\/fr\/wp-json\/wp\/v2\/comments?post=211"}],"version-history":[{"count":0,"href":"https:\/\/premiusmarketing.com\/ca\/fr\/wp-json\/wp\/v2\/pages\/211\/revisions"}],"up":[{"embeddable":true,"href":"https:\/\/premiusmarketing.com\/ca\/fr\/wp-json\/wp\/v2\/pages\/207"}],"wp:featuredmedia":[{"embeddable":true,"href":"https:\/\/premiusmarketing.com\/ca\/fr\/wp-json\/wp\/v2\/menu-items\/108"}],"wp:attachment":[{"href":"https:\/\/premiusmarketing.com\/ca\/fr\/wp-json\/wp\/v2\/media?parent=211"}],"curies":[{"name":"wp","href":"https:\/\/api.w.org\/{rel}","templated":true}]}}