{"id":213,"date":"2018-05-30T16:34:57","date_gmt":"2018-05-30T16:34:57","guid":{"rendered":"https:\/\/seomontreal.co\/?page_id=213"},"modified":"2018-05-30T16:34:57","modified_gmt":"2018-05-30T16:34:57","slug":"analyse-seo-recherche-de-mots-cle","status":"publish","type":"page","link":"https:\/\/premiusmarketing.com\/ca\/fr\/services\/analyse-seo-recherche-de-mots-cle\/","title":{"rendered":"Analyse SEO, recherche de mots-cl\u00e9s et analyse de la concurrence"},"content":{"rendered":"<h2><img loading=\"lazy\" decoding=\"async\" class=\"alignleft size-medium wp-image-153\" src=\"https:\/\/premiusmarketing.com\/ca\/wp-content\/uploads\/2018\/03\/seo-analysis-montreal-300x169.jpg\" alt=\"seo-analysis-montreal\" width=\"300\" height=\"169\" title=\"\">Analyse SEO compl\u00e8te \u00e0 Montr\u00e9al<\/h2>\n<p>Lorsque vous d\u00e9marrez une campagne de r\u00e9f\u00e9rencement, la premi\u00e8re chose \u00e0 faire est une <strong> analyse SEO <\/strong>. Cela permettra de conna\u00eetre l&rsquo;\u00e9tat actuel de votre entreprise, les forces et les faiblesses de votre site Web. Cette analyse SEO est \u00e9galement appel\u00e9e <strong> Audit SEO <\/strong> de votre site Web. Avec notre service de <a href=\"https:\/\/premiusmarketing.com\/ca\/fr\/\"> R\u00e9f\u00e9rencement web<\/a>, nous pouvons vous fournir une <span style=\"text-decoration: underline;\">analyse SEO compl\u00e8te<\/span> et Cr\u00e9ez un rapport pour <strong> mettre en \u00e9vidence les failles majeures <\/strong> de votre site Web auxquelles vous devez r\u00e9pondre en priorit\u00e9 afin d&rsquo;am\u00e9liorer le classement de vos moteurs de recherche.<\/p>\n<h2><\/h2>\n<p>&nbsp;<\/p>\n<h2><img loading=\"lazy\" decoding=\"async\" class=\"alignleft size-medium wp-image-152\" src=\"https:\/\/premiusmarketing.com\/ca\/wp-content\/uploads\/2018\/03\/keyword-research-seo-analysis-montreal-300x150.jpg\" alt=\"kAnalyse SEO montreal\" width=\"300\" height=\"150\" title=\"\">Recherche de mots cl\u00e9s efficace pour le r\u00e9f\u00e9rencement web<\/h2>\n<p>La prochaine \u00e9tape apr\u00e8s l &lsquo;<a href=\"https:\/\/ahrefs.com\/blog\/seo-audit\/\" target=\"_blank\" rel=\"noopener\"> analyse SEO <\/a> est de faire un <a href=\"https:\/\/en.wikipedia.org\/wiki\/Keyword_research\" target=\"_ blank\" rel=\"noopener\"> recherche par mot cl\u00e9 <\/a> afin de d\u00e9couvrir les mots cl\u00e9s les plus rentables par rapport \u00e0 votre activit\u00e9. La plus grosse erreur que les d\u00e9butants SEO font toujours est de s\u00e9lectionner automatiquement le mot-cl\u00e9 ayant le plus de volume de recherche &#8230; <strong> FAUX! <\/strong> Nous vous aiderons \u00e0 d\u00e9terminer quels mots cl\u00e9s apporteront le <strong> meilleur retour sur investissement <\/strong> (retour sur investissement) pour votre entreprise. Le volume de recherche est, en fait, important, mais il existe de nombreux autres crit\u00e8res \u00e0 prendre en compte lors du choix d&rsquo;un mot cl\u00e9 pour une campagne de r\u00e9f\u00e9rencement efficace.<\/p>\n<p>En tant que propri\u00e9taire d&rsquo;entreprise, vous savez que ce n&rsquo;est jamais une chose facile \u00e0 mener une recherche de mots cl\u00e9s appropri\u00e9e et une campagne d&rsquo;optimisation de moteur de recherche. En ce qui concerne le r\u00e9f\u00e9rencement, l&rsquo;analyse des mots-cl\u00e9s Montr\u00e9al a re\u00e7u beaucoup d&rsquo;attention. Si vous faites le bon mot-cl\u00e9 de recherche Montr\u00e9al, il y a une forte possibilit\u00e9 pour vous de vous retrouver avec des r\u00e9sultats efficaces. Par cons\u00e9quent, vous ne devriez pas essayer de le faire par vous-m\u00eame. Au lieu de cela, vous devrez contacter un expert SEO de Montr\u00e9al.<\/p>\n<p>&nbsp;<\/p>\n<h2><img loading=\"lazy\" decoding=\"async\" class=\"alignleft size-medium wp-image-150\" src=\"https:\/\/premiusmarketing.com\/ca\/wp-content\/uploads\/2018\/03\/competitor-analysis-in-seo-campaign-montreal-300x180.jpg\" alt=\"analyse de competition seo montreal\" width=\"300\" height=\"180\" title=\"\">Analyse des concurrents pour le r\u00e9f\u00e9rencement web<\/h2>\n<p>Si vous souhaitez ajouter votre site Web aux r\u00e9sultats des moteurs de recherche, vous devez accorder une attention particuli\u00e8re \u00e0 <strong> l&rsquo;analyse des concurrents <\/strong>. En fait, vous allez analyser les efforts de r\u00e9f\u00e9rencement de vos concurrents et comment ils prennent leurs sites Web dans les r\u00e9sultats des moteurs de recherche. Vous pourriez penser que ce n&rsquo;est pas une chose \u00e9thique \u00e0 faire, mais ce n&rsquo;est pas le cas. Cependant, <a href=\"https:\/\/moz.com\/blog\/competitor-analysis-for-seo\" target=\"_blank\" rel=\"noopener\">l&rsquo;analyse des concurrents<\/a> devrait \u00eatre faite avec l&rsquo;expertise et les outils appropri\u00e9s . C&rsquo;est l\u00e0 que vous devrez penser \u00e0 la recherche des services d&rsquo;analyse des concurrents professionnels offerts par notre entreprise.<\/p>\n<h3>Comment l&rsquo;analyse des concurrents peut-elle aider votre entreprise?<\/h3>\n<p>Avant de solliciter l&rsquo;assistance de <strong> services d&rsquo;analyse de la concurrence <\/strong> propos\u00e9s par notre soci\u00e9t\u00e9, vous devez comprendre clairement comment l&rsquo;analyse de la concurrence peut aider votre entreprise \u00e0 la fin de la journ\u00e9e. Quand il s&rsquo;agit de l&rsquo;optimisation des moteurs de recherche, vous \u00eates dans une course avec vos concurrents de l&rsquo;entreprise afin de saisir les meilleures positions de classement des moteurs de recherche. Par cons\u00e9quent, l&rsquo;analyse des concurrents peut vous fournir une excellente assistance pour surclasser vos concurrents.<\/p>\n<p>Avec l&rsquo;aide de l&rsquo;analyse de la concurrence, vous aurez l&rsquo;opportunit\u00e9 de mener un <strong> SWOT <\/strong> (Strength, Weaknesses, Opportunities and Threats). Cela peut vous aider \u00e0 obtenir des informations utiles, ce qui peut vous aider \u00e0 monter votre entreprise dans les classements des moteurs de recherche. D&rsquo;un autre c\u00f4t\u00e9, vous serez en mesure de comprendre les \u00e9tapes pass\u00e9es, pr\u00e9sentes et futures de la concurrence commerciale que vous avez \u00e0 traiter. Plus important encore, vous pouvez aussi bien comprendre les r\u00e9actions de vos concurrents. Cela peut vous donner l&rsquo;opportunit\u00e9 de faire des strat\u00e9gies fermes, bas\u00e9es sur vos produits et vos prix.<\/p>\n<h3>Comment pouvons-nous vous aider avec l&rsquo;analyse des concurrents?<\/h3>\n<p>Nous sommes la meilleure agence de r\u00e9f\u00e9rencement \u00e0 Montr\u00e9al que vous pourrez trouver. Les personnes qui obtiennent nos services pourront profiter de divers avantages et avantages \u00e0 long terme. Tout d&rsquo;abord, nous vous aiderons \u00e0 comprendre qui est votre concurrent. Ensuite, nous apportons un aper\u00e7u complet sur le profil de votre concurrence. Parall\u00e8lement \u00e0 cela, vous serez en mesure d&rsquo;obtenir une compr\u00e9hension claire sur les objectifs d&rsquo;affaires de vos concurrents ainsi. Ensuite, vous pouvez comparer et voir comment vos objectifs s&rsquo;alignent sur les objectifs de vos concurrents commerciaux.<\/p>\n<p>Il vous est \u00e9galement possible d&rsquo;apporter les modifications n\u00e9cessaires \u00e0 vos campagnes commerciales et de r\u00e9f\u00e9rencement en fonction des r\u00e9sultats que vous obtenez gr\u00e2ce \u00e0 l&rsquo;analyse des concurrents. Ensuite, vous pouvez exp\u00e9rimenter des am\u00e9liorations significatives dans un court laps de temps.<\/p>\n<p>&nbsp;<\/p>\n<h3>Pour mieux comprendre l&rsquo;analyse des mots cl\u00e9s pour le r\u00e9f\u00e9rencement, vous pouvez lire l&rsquo;article ci-dessous.<\/h3>\n<p>\u00bb <span style=\"text-decoration: underline;\"><a href=\"https:\/\/premiusmarketing.com\/ca\/fr\/recherche-de-mots-cle-seo\/\">Comment faire une recherche de mots-cl\u00e9s pour votre strat\u00e9gie de r\u00e9f\u00e9rencement web<\/a><\/span><\/p>\n<h3>Services recommand\u00e9s pour obtenir plus de prospects et plus de trafic vers votre site Web<\/h3>\n<p>\u00bb <a href=\"https:\/\/premiusmarketing.com\/ca\/fr\/services\/referecement-google-maps\/\"><span style=\"text-decoration: underline;\">R\u00e9f\u00e9rencement Google Maps<\/span><\/a><br \/>\n\u00bb <a href=\"https:\/\/premiusmarketing.com\/ca\/fr\/services\/optimization-sur-site\/\"><span style=\"text-decoration: underline;\">Meilleur r\u00e9f\u00e9rencement sur-site pour booster vos classements<\/span><\/a><br \/>\n\u00bb <a href=\"https:\/\/premiusmarketing.com\/ca\/fr\/services\/optimization-hors-site\/\"><span style=\"text-decoration: underline;\">Puissant hors-page SEO &amp; Service de backlink<\/span><\/a><\/p>\n<p>&nbsp;<\/p>\n","protected":false},"excerpt":{"rendered":"<p>Analyse SEO compl\u00e8te \u00e0 Montr\u00e9al Lorsque vous d\u00e9marrez une campagne de r\u00e9f\u00e9rencement, la premi\u00e8re chose \u00e0 faire est une analyse SEO . Cela permettra de conna\u00eetre l&rsquo;\u00e9tat actuel de votre entreprise, les forces et les faiblesses de votre site Web. Cette analyse SEO est \u00e9galement appel\u00e9e Audit SEO de votre site Web. Avec notre service [&hellip;]<\/p>\n","protected":false},"author":6,"featured_media":153,"parent":207,"menu_order":0,"comment_status":"closed","ping_status":"closed","template":"","meta":{"_et_pb_use_builder":"","_et_pb_old_content":"","_et_gb_content_width":"","footnotes":""},"class_list":["post-213","page","type-page","status-publish","has-post-thumbnail","hentry"],"jetpack_sharing_enabled":true,"_links":{"self":[{"href":"https:\/\/premiusmarketing.com\/ca\/fr\/wp-json\/wp\/v2\/pages\/213","targetHints":{"allow":["GET"]}}],"collection":[{"href":"https:\/\/premiusmarketing.com\/ca\/fr\/wp-json\/wp\/v2\/pages"}],"about":[{"href":"https:\/\/premiusmarketing.com\/ca\/fr\/wp-json\/wp\/v2\/types\/page"}],"author":[{"embeddable":true,"href":"https:\/\/premiusmarketing.com\/ca\/fr\/wp-json\/wp\/v2\/users\/6"}],"replies":[{"embeddable":true,"href":"https:\/\/premiusmarketing.com\/ca\/fr\/wp-json\/wp\/v2\/comments?post=213"}],"version-history":[{"count":0,"href":"https:\/\/premiusmarketing.com\/ca\/fr\/wp-json\/wp\/v2\/pages\/213\/revisions"}],"up":[{"embeddable":true,"href":"https:\/\/premiusmarketing.com\/ca\/fr\/wp-json\/wp\/v2\/pages\/207"}],"wp:featuredmedia":[{"embeddable":true,"href":"https:\/\/premiusmarketing.com\/ca\/fr\/wp-json\/wp\/v2\/posts\/153"}],"wp:attachment":[{"href":"https:\/\/premiusmarketing.com\/ca\/fr\/wp-json\/wp\/v2\/media?parent=213"}],"curies":[{"name":"wp","href":"https:\/\/api.w.org\/{rel}","templated":true}]}}