{"id":4885,"date":"2021-02-22T01:25:27","date_gmt":"2021-02-22T01:25:27","guid":{"rendered":"https:\/\/premiusmarketing.com\/ca\/?page_id=4885"},"modified":"2021-02-22T05:02:56","modified_gmt":"2021-02-22T05:02:56","slug":"forfaits-hebergement-web","status":"publish","type":"page","link":"https:\/\/premiusmarketing.com\/ca\/fr\/forfaits-hebergement-web\/","title":{"rendered":"Forfaits d&rsquo;h\u00e9bergement web"},"content":{"rendered":"[et_pb_section fb_built=\u00a0\u00bb1&Prime; module_class=\u00a0\u00bbinterior-header\u00a0\u00bb _builder_version=\u00a0\u00bb3.22&Prime; background_image=\u00a0\u00bbhttps:\/\/premiusmarketing.com\/ca\/wp-content\/uploads\/2017\/10\/business-photo-7.jpg\u00a0\u00bb background_position=\u00a0\u00bbbottom_center\u00a0\u00bb][et_pb_row _builder_version=\u00a0\u00bb4.9.0&Prime; hover_enabled=\u00a0\u00bb0&Prime; sticky_enabled=\u00a0\u00bb0&Prime;][et_pb_column type=\u00a0\u00bb4_4&Prime; _builder_version=\u00a0\u00bb3.25&Prime; background_position=\u00a0\u00bbtop_left\u00a0\u00bb custom_padding=\u00a0\u00bb|||\u00a0\u00bb custom_padding__hover=\u00a0\u00bb|||\u00a0\u00bb][et_pb_text admin_label=\u00a0\u00bbHeader\u00a0\u00bb _builder_version=\u00a0\u00bb4.9.0&Prime; background_layout=\u00a0\u00bbdark\u00a0\u00bb hover_enabled=\u00a0\u00bb0&Prime; sticky_enabled=\u00a0\u00bb0&Prime;]\n<h1>Forfaits D&rsquo;h\u00e9bergement Web<\/h1>\n[\/et_pb_text][et_pb_code admin_label=\u00a0\u00bbBreadcrumbs shortcode\u00a0\u00bb module_class=\u00a0\u00bbbreadcrumbs\u00a0\u00bb]<span property=\"itemListElement\" typeof=\"ListItem\"><a property=\"item\" typeof=\"WebPage\" title=\"Go to Premius Marketing Canada.\" href=\"https:\/\/premiusmarketing.com\/ca\/fr\/\" class=\"home\" ><span property=\"name\">Premius Marketing Canada<\/span><\/a><meta property=\"position\" content=\"1\"><\/span> &gt; <span property=\"itemListElement\" typeof=\"ListItem\"><a property=\"item\" typeof=\"WebPage\" title=\"Go to Blogue.\" href=\"https:\/\/premiusmarketing.com\/ca\/fr\/blogue\/\" class=\"post-root post post-post\" aria-current=\"page\"><span property=\"name\">Blogue<\/span><\/a><meta property=\"position\" content=\"2\"><\/span>[\/et_pb_code][\/et_pb_column][\/et_pb_row][\/et_pb_section][et_pb_section fb_built=\u00a0\u00bb1&Prime; disabled_on=\u00a0\u00bboff|off|off\u00a0\u00bb module_class=\u00a0\u00bbproven-performance-section\u00a0\u00bb _builder_version=\u00a0\u00bb3.22&Prime; custom_padding=\u00a0\u00bb88px||127px|||\u00a0\u00bb][et_pb_row _builder_version=\u00a0\u00bb4.9.0&Prime; _module_preset=\u00a0\u00bbdefault\u00a0\u00bb][et_pb_column type=\u00a0\u00bb4_4&Prime; _builder_version=\u00a0\u00bb4.9.0&Prime; _module_preset=\u00a0\u00bbdefault\u00a0\u00bb][et_pb_text _builder_version=\u00a0\u00bb4.9.0&Prime; _module_preset=\u00a0\u00bbdefault\u00a0\u00bb header_2_font=\u00a0\u00bb|||on|||||\u00a0\u00bb header_2_text_align=\u00a0\u00bbcenter\u00a0\u00bb header_2_font_size=\u00a0\u00bb37px\u00a0\u00bb hover_enabled=\u00a0\u00bb0&Prime; sticky_enabled=\u00a0\u00bb0&Prime;]\n<h2>Choisissez votre forfait d&rsquo;h\u00e9bergement Web<\/h2>\n[\/et_pb_text][et_pb_text _builder_version=\u00a0\u00bb4.9.0&Prime; _module_preset=\u00a0\u00bbdefault\u00a0\u00bb text_orientation=\u00a0\u00bbcenter\u00a0\u00bb hover_enabled=\u00a0\u00bb0&Prime; sticky_enabled=\u00a0\u00bb0&Prime;]\n<p>Pas besoin de magasiner, nous proposons une gamme compl\u00e8te de forfaits d&rsquo;h\u00e9bergement web adapt\u00e9s \u00e0 vos besoins et \u00e0 votre budget.<\/p>\n[\/et_pb_text][\/et_pb_column][\/et_pb_row][et_pb_row column_structure=\u00a0\u00bb1_3,1_3,1_3&Prime; use_custom_gutter=\u00a0\u00bbon\u00a0\u00bb gutter_width=\u00a0\u00bb1&Prime; _builder_version=\u00a0\u00bb4.9.0&Prime; _module_preset=\u00a0\u00bbdefault\u00a0\u00bb module_alignment=\u00a0\u00bbcenter\u00a0\u00bb locked=\u00a0\u00bboff\u00a0\u00bb][et_pb_column type=\u00a0\u00bb1_3&Prime; _builder_version=\u00a0\u00bb4.9.0&Prime; _module_preset=\u00a0\u00bbdefault\u00a0\u00bb][et_pb_pricing_tables featured_table_subheader_text_color=\u00a0\u00bb#FFFFFF\u00a0\u00bb show_bullet=\u00a0\u00bboff\u00a0\u00bb featured_table_bullet_color=\u00a0\u00bb#FFFFFF\u00a0\u00bb _builder_version=\u00a0\u00bb4.9.0&Prime; _module_preset=\u00a0\u00bbdefault\u00a0\u00bb currency_frequency_text_color=\u00a0\u00bb#000000&Prime; subheader_text_color=\u00a0\u00bb#FFFFFF\u00a0\u00bb body_text_color=\u00a0\u00bb#FFFFFF\u00a0\u00bb body_font=\u00a0\u00bb||||||||\u00a0\u00bb background_color=\u00a0\u00bb#6BA600&Prime; hover_enabled=\u00a0\u00bb0&Prime; sticky_enabled=\u00a0\u00bb0&Prime;][et_pb_pricing_table title=\u00a0\u00bbFORFAIT BRONZE\u00a0\u00bb subtitle=\u00a0\u00bbForfait d&rsquo;h\u00e9bergement de base\u00a0\u00bb currency=\u00a0\u00bb$\u00a0\u00bb per=\u00a0\u00bbmois\u00a0\u00bb sum=\u00a0\u00bb13&Prime; _builder_version=\u00a0\u00bb4.9.0&Prime; _module_preset=\u00a0\u00bbdefault\u00a0\u00bb hover_enabled=\u00a0\u00bb0&Prime; sticky_transition=\u00a0\u00bbon\u00a0\u00bb button_text=\u00a0\u00bbContactez-nous\u00a0\u00bb button_url=\u00a0\u00bb@ET-DC@eyJkeW5hbWljIjp0cnVlLCJjb250ZW50IjoicG9zdF9saW5rX3VybF9wYWdlIiwic2V0dGluZ3MiOnsicG9zdF9pZCI6IjMzMiJ9fQ==@\u00a0\u00bb _dynamic_attributes=\u00a0\u00bbbutton_url\u00a0\u00bb custom_button=\u00a0\u00bbon\u00a0\u00bb button_text_color=\u00a0\u00bb#FFFFFF\u00a0\u00bb button_border_color=\u00a0\u00bb#8262C2&Prime; button_bg_color=\u00a0\u00bb#8262C2&Prime; button_bg_enable_color=\u00a0\u00bbon\u00a0\u00bb sticky_enabled=\u00a0\u00bb0&Prime;]\n<p>+ 1 nom de domaine inclus<\/p>\n<p>+ 300 Mo d&rsquo;espace disque<\/p>\n<p>+ 30 Go de bande passante<\/p>\n<p>+ 1 comptes FTP maximum<\/p>\n<p>+ 1 comptes de messagerie<\/p>\n<p>+ 1 bases de donn\u00e9es MySQL<\/p>\n<p>+ 1 comptes de messagerie<\/p>\n<p>+ 1 bases de donn\u00e9es MySQL<\/p>\n<p>+ 1 sous-domaines max<\/p>\n<p>+ 1 domaines suppl\u00e9mentaires Max<\/p>\n<p>&#8211; Certificat SSL non inclus<\/p>\n<p>&#8211; 0 mises \u00e0 jour mensuelles du site Web<\/p>\n[\/et_pb_pricing_table][\/et_pb_pricing_tables][\/et_pb_column][et_pb_column type=\u00a0\u00bb1_3&Prime; _builder_version=\u00a0\u00bb4.9.0&Prime; _module_preset=\u00a0\u00bbdefault\u00a0\u00bb][et_pb_pricing_tables featured_table_subheader_text_color=\u00a0\u00bb#FFFFFF\u00a0\u00bb featured_table_text_color=\u00a0\u00bb#FFFFFF\u00a0\u00bb show_bullet=\u00a0\u00bboff\u00a0\u00bb featured_table_bullet_color=\u00a0\u00bb#FFFFFF\u00a0\u00bb _builder_version=\u00a0\u00bb4.9.0&Prime; _module_preset=\u00a0\u00bbdefault\u00a0\u00bb currency_frequency_text_color=\u00a0\u00bb#FFFFFF\u00a0\u00bb subheader_text_color=\u00a0\u00bb#FFFFFF\u00a0\u00bb body_text_color=\u00a0\u00bb#FFFFFF\u00a0\u00bb background_color=\u00a0\u00bb#7152AB\u00a0\u00bb hover_enabled=\u00a0\u00bb0&Prime; sticky_enabled=\u00a0\u00bb0&Prime;][et_pb_pricing_table featured=\u00a0\u00bbon\u00a0\u00bb title=\u00a0\u00bbFORFAIT OR\u00a0\u00bb subtitle=\u00a0\u00bbForfait d&rsquo;h\u00e9bergement Premium\u00a0\u00bb currency=\u00a0\u00bb$\u00a0\u00bb per=\u00a0\u00bbmois\u00a0\u00bb sum=\u00a0\u00bb40&Prime; _builder_version=\u00a0\u00bb4.9.0&Prime; _module_preset=\u00a0\u00bbdefault\u00a0\u00bb background_color=\u00a0\u00bb#7152AB\u00a0\u00bb background_enable_color=\u00a0\u00bbon\u00a0\u00bb hover_enabled=\u00a0\u00bb0&Prime; sticky_transition=\u00a0\u00bbon\u00a0\u00bb sticky_enabled=\u00a0\u00bb0&Prime; button_text=\u00a0\u00bbContactez-nous\u00a0\u00bb button_url=\u00a0\u00bb@ET-DC@eyJkeW5hbWljIjp0cnVlLCJjb250ZW50IjoicG9zdF9saW5rX3VybF9wYWdlIiwic2V0dGluZ3MiOnsicG9zdF9pZCI6IjMzMiJ9fQ==@\u00a0\u00bb _dynamic_attributes=\u00a0\u00bbbutton_url\u00a0\u00bb]\n<p>+ 1 nom de domaine inclus<br \/>+ 1000 Mo d&rsquo;espace disque<br \/>+ 100 Go de bande passante<br \/>+ 10 comptes FTP maximum<br \/>+ 10 comptes de messagerie<br \/>+ 10 bases de donn\u00e9es MySQL<br \/>+ 10 comptes de messagerie<br \/>+ 10 bases de donn\u00e9es MySQL<br \/>+ 10 sous-domaines maximum<br \/>+ 3 domaines suppl\u00e9mentaires Max<br \/>+ Certificat SSL INCLUS<br \/>+ 3 mises \u00e0 jour mensuelles du site Web<\/p>\n[\/et_pb_pricing_table][\/et_pb_pricing_tables][\/et_pb_column][et_pb_column type=\u00a0\u00bb1_3&Prime; _builder_version=\u00a0\u00bb4.9.0&Prime; _module_preset=\u00a0\u00bbdefault\u00a0\u00bb][et_pb_pricing_tables featured_table_subheader_text_color=\u00a0\u00bb#FFFFFF\u00a0\u00bb featured_table_text_color=\u00a0\u00bb#FFFFFF\u00a0\u00bb show_bullet=\u00a0\u00bboff\u00a0\u00bb _builder_version=\u00a0\u00bb4.9.0&Prime; _module_preset=\u00a0\u00bbdefault\u00a0\u00bb currency_frequency_text_color=\u00a0\u00bb#000000&Prime; subheader_text_color=\u00a0\u00bb#FFFFFF\u00a0\u00bb body_text_color=\u00a0\u00bb#FFFFFF\u00a0\u00bb background_color=\u00a0\u00bb#8262C2&Prime; hover_enabled=\u00a0\u00bb0&Prime; sticky_enabled=\u00a0\u00bb0&Prime;][et_pb_pricing_table title=\u00a0\u00bbFORFAIT ARGENT\u00a0\u00bb subtitle=\u00a0\u00bbForfait d&rsquo;h\u00e9bergement avanc\u00e9\u00a0\u00bb currency=\u00a0\u00bb$\u00a0\u00bb per=\u00a0\u00bbmois\u00a0\u00bb sum=\u00a0\u00bb20&Prime; bullet_color=\u00a0\u00bb#FFFFFF\u00a0\u00bb _builder_version=\u00a0\u00bb4.9.0&Prime; _module_preset=\u00a0\u00bbdefault\u00a0\u00bb hover_enabled=\u00a0\u00bb0&Prime; sticky_transition=\u00a0\u00bbon\u00a0\u00bb sticky_enabled=\u00a0\u00bb0&Prime; button_text=\u00a0\u00bbContactez-nous\u00a0\u00bb button_url=\u00a0\u00bb#\u00a0\u00bb custom_button=\u00a0\u00bbon\u00a0\u00bb button_text_color=\u00a0\u00bb#FFFFFF\u00a0\u00bb]\n<p>+ 1 nom de domaine inclus<br \/>+ 60 Mo d&rsquo;espace disque<br \/>+ 60 Go de bande passante<br \/>+ 5 comptes FTP maximum<br \/>+ 5 comptes de messagerie<br \/>+ 5 bases de donn\u00e9es MySQL<br \/>+ 5 comptes de messagerie<br \/>+ 5 bases de donn\u00e9es MySQL<br \/>+ 5 sous-domaines max<br \/>+ 2 domaines suppl\u00e9mentaires Max<br \/>+ Certificat SSL INCLUS<br \/>+ 1 mises \u00e0 jour mensuelles du site Web<\/p>\n[\/et_pb_pricing_table][\/et_pb_pricing_tables][\/et_pb_column][\/et_pb_row][\/et_pb_section]\n","protected":false},"excerpt":{"rendered":"<p>Forfaits D&rsquo;h\u00e9bergement Web<span property=\"itemListElement\" typeof=\"ListItem\"><a property=\"item\" typeof=\"WebPage\" title=\"Go to Premius Marketing Canada.\" href=\"https:\/\/premiusmarketing.com\/ca\/fr\/\" class=\"home\" ><span property=\"name\">Premius Marketing Canada<\/span><\/a><meta property=\"position\" content=\"1\"><\/span> &gt; <span property=\"itemListElement\" typeof=\"ListItem\"><a property=\"item\" typeof=\"WebPage\" title=\"Go to Blogue.\" href=\"https:\/\/premiusmarketing.com\/ca\/fr\/blogue\/\" class=\"post-root post post-post\" aria-current=\"page\"><span property=\"name\">Blogue<\/span><\/a><meta property=\"position\" content=\"2\"><\/span>Choisissez votre forfait d&rsquo;h\u00e9bergement WebPas besoin de magasiner, nous proposons une gamme compl\u00e8te de forfaits d&rsquo;h\u00e9bergement web adapt\u00e9s \u00e0 vos besoins et \u00e0 votre budget.+ 1 nom de domaine inclus + 300 Mo d&rsquo;espace disque + 30 Go de bande passante + 1 comptes FTP maximum + 1 comptes de messagerie + 1 [&hellip;]<\/p>\n","protected":false},"author":6,"featured_media":0,"parent":0,"menu_order":0,"comment_status":"closed","ping_status":"closed","template":"","meta":{"_et_pb_use_builder":"on","_et_pb_old_content":"","_et_gb_content_width":"","footnotes":""},"class_list":["post-4885","page","type-page","status-publish","hentry"],"jetpack_sharing_enabled":true,"_links":{"self":[{"href":"https:\/\/premiusmarketing.com\/ca\/fr\/wp-json\/wp\/v2\/pages\/4885","targetHints":{"allow":["GET"]}}],"collection":[{"href":"https:\/\/premiusmarketing.com\/ca\/fr\/wp-json\/wp\/v2\/pages"}],"about":[{"href":"https:\/\/premiusmarketing.com\/ca\/fr\/wp-json\/wp\/v2\/types\/page"}],"author":[{"embeddable":true,"href":"https:\/\/premiusmarketing.com\/ca\/fr\/wp-json\/wp\/v2\/users\/6"}],"replies":[{"embeddable":true,"href":"https:\/\/premiusmarketing.com\/ca\/fr\/wp-json\/wp\/v2\/comments?post=4885"}],"version-history":[{"count":0,"href":"https:\/\/premiusmarketing.com\/ca\/fr\/wp-json\/wp\/v2\/pages\/4885\/revisions"}],"wp:attachment":[{"href":"https:\/\/premiusmarketing.com\/ca\/fr\/wp-json\/wp\/v2\/media?parent=4885"}],"curies":[{"name":"wp","href":"https:\/\/api.w.org\/{rel}","templated":true}]}}