{"id":49,"date":"2017-09-18T14:31:52","date_gmt":"2017-09-18T14:31:52","guid":{"rendered":"http:\/\/divibusinesspro.aspengrovestudios.space\/?page_id=49"},"modified":"2026-03-04T13:29:39","modified_gmt":"2026-03-04T18:29:39","slug":"nous-joindre","status":"publish","type":"page","link":"https:\/\/premiusmarketing.com\/ca\/fr\/nous-joindre\/","title":{"rendered":"Nous Joindre"},"content":{"rendered":"[et_pb_section fb_built=\u00a0\u00bb1&Prime; module_class=\u00a0\u00bbinterior-header\u00a0\u00bb _builder_version=\u00a0\u00bb4.16&Prime; background_image=\u00a0\u00bbhttps:\/\/premiusmarketing.com\/ca\/wp-content\/uploads\/2017\/10\/business-photo-2.jpg\u00a0\u00bb global_colors_info=\u00a0\u00bb{}\u00a0\u00bb][et_pb_row _builder_version=\u00a0\u00bb4.16&Prime; global_colors_info=\u00a0\u00bb{}\u00a0\u00bb][et_pb_column type=\u00a0\u00bb4_4&Prime; _builder_version=\u00a0\u00bb4.16&Prime; background_position=\u00a0\u00bbtop_left\u00a0\u00bb custom_padding=\u00a0\u00bb|||\u00a0\u00bb global_colors_info=\u00a0\u00bb{}\u00a0\u00bb custom_padding__hover=\u00a0\u00bb|||\u00a0\u00bb][et_pb_text admin_label=\u00a0\u00bbHeader\u00a0\u00bb _builder_version=\u00a0\u00bb4.16&Prime; background_layout=\u00a0\u00bbdark\u00a0\u00bb global_colors_info=\u00a0\u00bb{}\u00a0\u00bb]\n<h1>Nous Joindre<\/h1>\n[\/et_pb_text][et_pb_code admin_label=\u00a0\u00bbBreadcrumbs shortcode\u00a0\u00bb module_class=\u00a0\u00bbbreadcrumbs\u00a0\u00bb _builder_version=\u00a0\u00bb4.16&Prime; global_colors_info=\u00a0\u00bb{}\u00a0\u00bb]<span property=\"itemListElement\" typeof=\"ListItem\"><a property=\"item\" typeof=\"WebPage\" title=\"Go to Premius Marketing Canada.\" href=\"https:\/\/premiusmarketing.com\/ca\/fr\/\" class=\"home\" ><span property=\"name\">Premius Marketing Canada<\/span><\/a><meta property=\"position\" content=\"1\"><\/span> &gt; <span property=\"itemListElement\" typeof=\"ListItem\"><a property=\"item\" typeof=\"WebPage\" title=\"Go to Blogue.\" href=\"https:\/\/premiusmarketing.com\/ca\/fr\/blogue\/\" class=\"post-root post post-post\" aria-current=\"page\"><span property=\"name\">Blogue<\/span><\/a><meta property=\"position\" content=\"2\"><\/span>[\/et_pb_code][\/et_pb_column][\/et_pb_row][\/et_pb_section][et_pb_section fb_built=\u00a0\u00bb1&Prime; _builder_version=\u00a0\u00bb4.16&Prime; custom_padding=\u00a0\u00bb50px||50px|\u00a0\u00bb global_colors_info=\u00a0\u00bb{}\u00a0\u00bb][et_pb_row column_structure=\u00a0\u00bb1_2,1_2&Prime; use_custom_gutter=\u00a0\u00bbon\u00a0\u00bb gutter_width=\u00a0\u00bb3&Prime; _builder_version=\u00a0\u00bb4.27.5&Prime; max_width=\u00a0\u00bb1400px\u00a0\u00bb global_colors_info=\u00a0\u00bb{}\u00a0\u00bb][et_pb_column type=\u00a0\u00bb1_2&Prime; _builder_version=\u00a0\u00bb4.16&Prime; background_position=\u00a0\u00bbtop_left\u00a0\u00bb custom_padding=\u00a0\u00bb|||\u00a0\u00bb global_colors_info=\u00a0\u00bb{}\u00a0\u00bb custom_padding__hover=\u00a0\u00bb|||\u00a0\u00bb][et_pb_text module_class=\u00a0\u00bbcontact-text\u00a0\u00bb _builder_version=\u00a0\u00bb4.16&Prime; global_colors_info=\u00a0\u00bb{}\u00a0\u00bb]\n<h1>Question ou commentaire?<\/h1>\n<p style=\"text-align: justify;\"><span>Vous pouvez nous rejoindre en nous appelant pendant les heures de bureau ou vous pouvez remplir ce formulaire pour nous envoyer un courriel. L&rsquo;\u00e9coute de nos clients est primordiale. <\/span><\/p>\n<p style=\"text-align: justify;\"><span>Nous voulons offrir un service qui r\u00e9pond \u00e0 vos attentes et nous vous invitons \u00e0 nous envoyer vos questions et commentaires. <\/span><\/p>\n<p style=\"text-align: justify;\"><span>C&rsquo;est gr\u00e2ce \u00e0 vos commentaires et suggestions que nous pouvons am\u00e9liorer continuellement votre exp\u00e9rience sur nos sites Web et offrir un meilleur service \u00e0 la client\u00e8le.<\/span><span><\/span><\/p>\n[\/et_pb_text][et_pb_blurb title=\u00a0\u00bb(438) 788-3402&Prime; url=\u00a0\u00bbtel:(438)788-3402&Prime; icon_alignment=\u00a0\u00bbleft\u00a0\u00bb admin_label=\u00a0\u00bbBlurb &#8211; Fax\u00a0\u00bb module_class=\u00a0\u00bbcontact-blurb\u00a0\u00bb _builder_version=\u00a0\u00bb4.27.5&Prime; max_width_tablet=\u00a0\u00bb50px\u00a0\u00bb global_colors_info=\u00a0\u00bb{}\u00a0\u00bb]\n<p>T\u00e9l\u00e9phone<\/p>\n[\/et_pb_blurb][et_pb_blurb title=\u00a0\u00bbOttawa\u00a0\u00bb admin_label=\u00a0\u00bbBlurb &#8211; Office\u00a0\u00bb module_class=\u00a0\u00bbcontact-blurb\u00a0\u00bb _builder_version=\u00a0\u00bb4.27.6&Prime; max_width_tablet=\u00a0\u00bb50px\u00a0\u00bb hover_enabled=\u00a0\u00bb0&Prime; global_colors_info=\u00a0\u00bb{}\u00a0\u00bb sticky_enabled=\u00a0\u00bb0&Prime; locked=\u00a0\u00bboff\u00a0\u00bb]\n<p>1338 Wellington St. W unit 10,<br \/>\nOttawa, ON, K1Y 3B7<\/p>\n[\/et_pb_blurb][et_pb_blurb title=\u00a0\u00bbMontreal\u00a0\u00bb admin_label=\u00a0\u00bbBlurb &#8211; Office\u00a0\u00bb module_class=\u00a0\u00bbcontact-blurb\u00a0\u00bb _builder_version=\u00a0\u00bb4.27.6&Prime; max_width_tablet=\u00a0\u00bb50px\u00a0\u00bb hover_enabled=\u00a0\u00bb0&Prime; global_colors_info=\u00a0\u00bb{}\u00a0\u00bb sticky_enabled=\u00a0\u00bb0&Prime; locked=\u00a0\u00bboff\u00a0\u00bb]\n<p>6850 rue Bombardier,<br \/>\nMontreal, QC, H1P 3K5<\/p>\n[\/et_pb_blurb][\/et_pb_column][et_pb_column type=\u00a0\u00bb1_2&Prime; _builder_version=\u00a0\u00bb4.16&Prime; background_position=\u00a0\u00bbtop_left\u00a0\u00bb custom_padding=\u00a0\u00bb|||\u00a0\u00bb global_colors_info=\u00a0\u00bb{}\u00a0\u00bb custom_padding__hover=\u00a0\u00bb|||\u00a0\u00bb][dsm_contact_form_7 cf7_library=\u00a0\u00bb333&Prime; label_bottom_spacing=\u00a0\u00bb3px\u00a0\u00bb button_alignment=\u00a0\u00bbcenter\u00a0\u00bb input_background_color=\u00a0\u00bb#efefef\u00a0\u00bb module_class=\u00a0\u00bbcontact-form\u00a0\u00bb _builder_version=\u00a0\u00bb4.16&Prime; _module_preset=\u00a0\u00bbdefault\u00a0\u00bb labels_font=\u00a0\u00bb|600|||||||\u00a0\u00bb labels_font_size=\u00a0\u00bb16px\u00a0\u00bb labels_line_height=\u00a0\u00bb1.8em\u00a0\u00bb custom_button_one=\u00a0\u00bbon\u00a0\u00bb button_one_text_color=\u00a0\u00bb#000000&Prime; custom_padding=\u00a0\u00bb|35px||35px||\u00a0\u00bb border_width_all_image=\u00a0\u00bb1px\u00a0\u00bb border_color_all_image=\u00a0\u00bb#b7b7b7&Prime; global_colors_info=\u00a0\u00bb{}\u00a0\u00bb][\/dsm_contact_form_7][\/et_pb_column][\/et_pb_row][\/et_pb_section]\n","protected":false},"excerpt":{"rendered":"<p>Nous Joindre<span property=\"itemListElement\" typeof=\"ListItem\"><a property=\"item\" typeof=\"WebPage\" title=\"Go to Premius Marketing Canada.\" href=\"https:\/\/premiusmarketing.com\/ca\/fr\/\" class=\"home\" ><span property=\"name\">Premius Marketing Canada<\/span><\/a><meta property=\"position\" content=\"1\"><\/span> &gt; <span property=\"itemListElement\" typeof=\"ListItem\"><a property=\"item\" typeof=\"WebPage\" title=\"Go to Blogue.\" href=\"https:\/\/premiusmarketing.com\/ca\/fr\/blogue\/\" class=\"post-root post post-post\" aria-current=\"page\"><span property=\"name\">Blogue<\/span><\/a><meta property=\"position\" content=\"2\"><\/span>Question ou commentaire? Vous pouvez nous rejoindre en nous appelant pendant les heures de bureau ou vous pouvez remplir ce formulaire pour nous envoyer un courriel. L&rsquo;\u00e9coute de nos clients est primordiale. Nous voulons offrir un service qui r\u00e9pond \u00e0 vos attentes et nous vous invitons \u00e0 nous envoyer vos questions et commentaires. C&rsquo;est [&hellip;]<\/p>\n","protected":false},"author":6,"featured_media":0,"parent":0,"menu_order":0,"comment_status":"closed","ping_status":"closed","template":"","meta":{"_et_pb_use_builder":"on","_et_pb_old_content":"","_et_gb_content_width":"","footnotes":""},"class_list":["post-49","page","type-page","status-publish","hentry"],"jetpack_sharing_enabled":true,"_links":{"self":[{"href":"https:\/\/premiusmarketing.com\/ca\/fr\/wp-json\/wp\/v2\/pages\/49","targetHints":{"allow":["GET"]}}],"collection":[{"href":"https:\/\/premiusmarketing.com\/ca\/fr\/wp-json\/wp\/v2\/pages"}],"about":[{"href":"https:\/\/premiusmarketing.com\/ca\/fr\/wp-json\/wp\/v2\/types\/page"}],"author":[{"embeddable":true,"href":"https:\/\/premiusmarketing.com\/ca\/fr\/wp-json\/wp\/v2\/users\/6"}],"replies":[{"embeddable":true,"href":"https:\/\/premiusmarketing.com\/ca\/fr\/wp-json\/wp\/v2\/comments?post=49"}],"version-history":[{"count":3,"href":"https:\/\/premiusmarketing.com\/ca\/fr\/wp-json\/wp\/v2\/pages\/49\/revisions"}],"predecessor-version":[{"id":6420,"href":"https:\/\/premiusmarketing.com\/ca\/fr\/wp-json\/wp\/v2\/pages\/49\/revisions\/6420"}],"wp:attachment":[{"href":"https:\/\/premiusmarketing.com\/ca\/fr\/wp-json\/wp\/v2\/media?parent=49"}],"curies":[{"name":"wp","href":"https:\/\/api.w.org\/{rel}","templated":true}]}}