{"id":4952,"date":"2021-02-22T02:15:04","date_gmt":"2021-02-22T02:15:04","guid":{"rendered":"https:\/\/premiusmarketing.com\/ca\/?page_id=4952"},"modified":"2021-02-25T22:14:33","modified_gmt":"2021-02-25T22:14:33","slug":"soumission-referencement-web-seo","status":"publish","type":"page","link":"https:\/\/premiusmarketing.com\/ca\/fr\/soumission-referencement-web-seo\/","title":{"rendered":"Soumission r\u00e9f\u00e9rencement web (SEO)"},"content":{"rendered":"[et_pb_section fb_built=\u00a0\u00bb1&Prime; module_class=\u00a0\u00bbinterior-header\u00a0\u00bb _builder_version=\u00a0\u00bb3.22&Prime; background_image=\u00a0\u00bbhttps:\/\/premiusmarketing.com\/ca\/wp-content\/uploads\/2017\/10\/business-photo-7.jpg\u00a0\u00bb background_position=\u00a0\u00bbbottom_center\u00a0\u00bb][et_pb_row _builder_version=\u00a0\u00bb3.25&Prime;][et_pb_column type=\u00a0\u00bb4_4&Prime; _builder_version=\u00a0\u00bb3.25&Prime; background_position=\u00a0\u00bbtop_left\u00a0\u00bb custom_padding=\u00a0\u00bb|||\u00a0\u00bb custom_padding__hover=\u00a0\u00bb|||\u00a0\u00bb][et_pb_text admin_label=\u00a0\u00bbHeader\u00a0\u00bb _builder_version=\u00a0\u00bb4.9.0&Prime; background_layout=\u00a0\u00bbdark\u00a0\u00bb]\n<h1>Soumission r\u00e9f\u00e9rencement web (SEO)<\/h1>\n[\/et_pb_text][et_pb_code admin_label=\u00a0\u00bbBreadcrumbs shortcode\u00a0\u00bb module_class=\u00a0\u00bbbreadcrumbs\u00a0\u00bb]<span property=\"itemListElement\" typeof=\"ListItem\"><a property=\"item\" typeof=\"WebPage\" title=\"Go to Premius Marketing Canada.\" href=\"https:\/\/premiusmarketing.com\/ca\/fr\/\" class=\"home\" ><span property=\"name\">Premius Marketing Canada<\/span><\/a><meta property=\"position\" content=\"1\"><\/span> &gt; <span property=\"itemListElement\" typeof=\"ListItem\"><a property=\"item\" typeof=\"WebPage\" title=\"Go to Blogue.\" href=\"https:\/\/premiusmarketing.com\/ca\/fr\/blogue\/\" class=\"post-root post post-post\" aria-current=\"page\"><span property=\"name\">Blogue<\/span><\/a><meta property=\"position\" content=\"2\"><\/span>[\/et_pb_code][\/et_pb_column][\/et_pb_row][\/et_pb_section][et_pb_section fb_built=\u00a0\u00bb1&Prime; disabled_on=\u00a0\u00bboff|off|off\u00a0\u00bb module_class=\u00a0\u00bbproven-performance-section\u00a0\u00bb _builder_version=\u00a0\u00bb3.22&Prime; custom_padding=\u00a0\u00bb88px||30px|||\u00a0\u00bb][et_pb_row custom_padding_last_edited=\u00a0\u00bbon|desktop\u00a0\u00bb _builder_version=\u00a0\u00bb4.9.0&Prime; _module_preset=\u00a0\u00bbdefault\u00a0\u00bb background_enable_color=\u00a0\u00bboff\u00a0\u00bb custom_margin=\u00a0\u00bb|auto|41px|auto||\u00a0\u00bb custom_padding=\u00a0\u00bb||||true|true\u00a0\u00bb custom_padding_tablet=\u00a0\u00bb\u00a0\u00bb custom_padding_phone=\u00a0\u00bb\u00a0\u00bb][et_pb_column type=\u00a0\u00bb4_4&Prime; _builder_version=\u00a0\u00bb4.9.0&Prime; _module_preset=\u00a0\u00bbdefault\u00a0\u00bb][et_pb_text _builder_version=\u00a0\u00bb4.9.0&Prime; _module_preset=\u00a0\u00bbdefault\u00a0\u00bb max_width=\u00a0\u00bb80%\u00a0\u00bb max_width_tablet=\u00a0\u00bb\u00a0\u00bb max_width_phone=\u00a0\u00bb\u00a0\u00bb max_width_last_edited=\u00a0\u00bbon|desktop\u00a0\u00bb module_alignment=\u00a0\u00bbcenter\u00a0\u00bb]\n<p style=\"text-align: justify;\">Veuillez remplir ce formulaire pour obtenir une soumission en r\u00e9f\u00e9rencement web (SEO) gratuite. Un de nos sp\u00e9cialistes SEO vous contactera dans les 24 \u00e0 48 heures. <span style=\"text-decoration: underline;\">Tous les champs marqu\u00e9s d&rsquo;un (*) sont obligatoires<\/span>. Pour toute autre demande, veuillez nous contacter.<\/p>\n[\/et_pb_text][dsm_contact_form_7 cf7_library=\u00a0\u00bb163&Prime; label_bottom_spacing=\u00a0\u00bb0px\u00a0\u00bb button_alignment=\u00a0\u00bbcenter\u00a0\u00bb input_background_color=\u00a0\u00bb#efefef\u00a0\u00bb module_class=\u00a0\u00bbcontact-form\u00a0\u00bb _builder_version=\u00a0\u00bb4.9.0&Prime; _module_preset=\u00a0\u00bbdefault\u00a0\u00bb labels_font=\u00a0\u00bb|600|||||||\u00a0\u00bb labels_font_size=\u00a0\u00bb16px\u00a0\u00bb labels_line_height=\u00a0\u00bb2.2em\u00a0\u00bb input_textarea_select_line_height=\u00a0\u00bb1.2em\u00a0\u00bb custom_button_one=\u00a0\u00bbon\u00a0\u00bb button_one_text_color=\u00a0\u00bb#000000&Prime; width=\u00a0\u00bb80%\u00a0\u00bb width_tablet=\u00a0\u00bb\u00a0\u00bb width_phone=\u00a0\u00bb\u00a0\u00bb width_last_edited=\u00a0\u00bbon|desktop\u00a0\u00bb module_alignment=\u00a0\u00bbcenter\u00a0\u00bb custom_padding=\u00a0\u00bb|35px||35px||\u00a0\u00bb hover_enabled=\u00a0\u00bb0&Prime; border_color_all_image=\u00a0\u00bb#b7b7b7&Prime; sticky_enabled=\u00a0\u00bb0&Prime;][\/dsm_contact_form_7][\/et_pb_column][\/et_pb_row][\/et_pb_section]\n","protected":false},"excerpt":{"rendered":"<p>Soumission r\u00e9f\u00e9rencement web (SEO)<span property=\"itemListElement\" typeof=\"ListItem\"><a property=\"item\" typeof=\"WebPage\" title=\"Go to Premius Marketing Canada.\" href=\"https:\/\/premiusmarketing.com\/ca\/fr\/\" class=\"home\" ><span property=\"name\">Premius Marketing Canada<\/span><\/a><meta property=\"position\" content=\"1\"><\/span> &gt; <span property=\"itemListElement\" typeof=\"ListItem\"><a property=\"item\" typeof=\"WebPage\" title=\"Go to Blogue.\" href=\"https:\/\/premiusmarketing.com\/ca\/fr\/blogue\/\" class=\"post-root post post-post\" aria-current=\"page\"><span property=\"name\">Blogue<\/span><\/a><meta property=\"position\" content=\"2\"><\/span>Veuillez remplir ce formulaire pour obtenir une soumission en r\u00e9f\u00e9rencement web (SEO) gratuite. Un de nos sp\u00e9cialistes SEO vous contactera dans les 24 \u00e0 48 heures. Tous les champs marqu\u00e9s d&rsquo;un (*) sont obligatoires. Pour toute autre demande, veuillez nous contacter.<div class=\"et_pb_module dsm_contact_form_7 dsm_contact_form_7_0 \u00bbcontact-form\">\n\t\t\t\t\n\t\t\t\t\n\t\t\t\t\n\t\t\t\t\n\t\t\t\t\n\t\t\t\t\n\t\t\t\t<div class=\"et_pb_module_inner\">\n\t\t\t\t\t<div class=\"\">\n\t\t\t\t<p class=\"wpcf7-contact-form-not-found\"><strong>Error:<\/strong> Contact form not found.<\/p>\n\t\t\t<\/div>\n\t\t\t\t<\/div>\n\t\t\t<\/div><\/p>\n","protected":false},"author":6,"featured_media":0,"parent":0,"menu_order":0,"comment_status":"closed","ping_status":"closed","template":"","meta":{"_et_pb_use_builder":"on","_et_pb_old_content":"","_et_gb_content_width":"","footnotes":""},"class_list":["post-4952","page","type-page","status-publish","hentry"],"jetpack_sharing_enabled":true,"_links":{"self":[{"href":"https:\/\/premiusmarketing.com\/ca\/fr\/wp-json\/wp\/v2\/pages\/4952","targetHints":{"allow":["GET"]}}],"collection":[{"href":"https:\/\/premiusmarketing.com\/ca\/fr\/wp-json\/wp\/v2\/pages"}],"about":[{"href":"https:\/\/premiusmarketing.com\/ca\/fr\/wp-json\/wp\/v2\/types\/page"}],"author":[{"embeddable":true,"href":"https:\/\/premiusmarketing.com\/ca\/fr\/wp-json\/wp\/v2\/users\/6"}],"replies":[{"embeddable":true,"href":"https:\/\/premiusmarketing.com\/ca\/fr\/wp-json\/wp\/v2\/comments?post=4952"}],"version-history":[{"count":0,"href":"https:\/\/premiusmarketing.com\/ca\/fr\/wp-json\/wp\/v2\/pages\/4952\/revisions"}],"wp:attachment":[{"href":"https:\/\/premiusmarketing.com\/ca\/fr\/wp-json\/wp\/v2\/media?parent=4952"}],"curies":[{"name":"wp","href":"https:\/\/api.w.org\/{rel}","templated":true}]}}