{"id":5120,"date":"2021-02-23T16:13:21","date_gmt":"2021-02-23T16:13:21","guid":{"rendered":"https:\/\/premiusmarketing.com\/ca\/?page_id=5120"},"modified":"2021-02-23T18:29:29","modified_gmt":"2021-02-23T18:29:29","slug":"analyse-seo-video","status":"publish","type":"page","link":"https:\/\/premiusmarketing.com\/ca\/fr\/analyse-seo-video\/","title":{"rendered":"Analyse SEO Vid\u00e9o"},"content":{"rendered":"[et_pb_section fb_built=\u00a0\u00bb1&Prime; module_class=\u00a0\u00bbinterior-header\u00a0\u00bb _builder_version=\u00a0\u00bb4.4.2&Prime; background_image=\u00a0\u00bbhttps:\/\/premiusmarketing.com\/ca\/wp-content\/uploads\/2017\/10\/business-photo-15.jpg\u00a0\u00bb][et_pb_row _builder_version=\u00a0\u00bb4.4.2&Prime;][et_pb_column type=\u00a0\u00bb4_4&Prime; _builder_version=\u00a0\u00bb3.25&Prime; background_position=\u00a0\u00bbtop_left\u00a0\u00bb custom_padding=\u00a0\u00bb|||\u00a0\u00bb custom_padding__hover=\u00a0\u00bb|||\u00a0\u00bb][et_pb_text admin_label=\u00a0\u00bbHeader\u00a0\u00bb _builder_version=\u00a0\u00bb4.9.0&Prime; background_layout=\u00a0\u00bbdark\u00a0\u00bb module_alignment=\u00a0\u00bbleft\u00a0\u00bb border_style=\u00a0\u00bbsolid\u00a0\u00bb]\n<h1>Analyse SEO Vid\u00e9o<\/h1>\n[\/et_pb_text][et_pb_code admin_label=\u00a0\u00bbBreadcrumbs shortcode\u00a0\u00bb module_class=\u00a0\u00bbbreadcrumbs\u00a0\u00bb _builder_version=\u00a0\u00bb4.9.0&Prime;]<span property=\"itemListElement\" typeof=\"ListItem\"><a property=\"item\" typeof=\"WebPage\" title=\"Go to Premius Marketing Canada.\" href=\"https:\/\/premiusmarketing.com\/ca\/fr\/\" class=\"home\" ><span property=\"name\">Premius Marketing Canada<\/span><\/a><meta property=\"position\" content=\"1\"><\/span> &gt; <span property=\"itemListElement\" typeof=\"ListItem\"><a property=\"item\" typeof=\"WebPage\" title=\"Go to Blogue.\" href=\"https:\/\/premiusmarketing.com\/ca\/fr\/blogue\/\" class=\"post-root post post-post\" aria-current=\"page\"><span property=\"name\">Blogue<\/span><\/a><meta property=\"position\" content=\"2\"><\/span>[\/et_pb_code][\/et_pb_column][\/et_pb_row][\/et_pb_section][et_pb_section fb_built=\u00a0\u00bb1&Prime; _builder_version=\u00a0\u00bb4.9.0&Prime; background_enable_color=\u00a0\u00bboff\u00a0\u00bb use_background_color_gradient=\u00a0\u00bbon\u00a0\u00bb background_color_gradient_start=\u00a0\u00bb#ffffff\u00a0\u00bb background_color_gradient_end=\u00a0\u00bbrgba(255,255,255,0.45)\u00a0\u00bb background_image=\u00a0\u00bbhttps:\/\/premiusmarketing.com\/ca\/wp-content\/uploads\/2017\/09\/testify_demo_8.jpg\u00a0\u00bb background_position=\u00a0\u00bbbottom_left\u00a0\u00bb custom_padding=\u00a0\u00bb60px||60px|\u00a0\u00bb][et_pb_row module_class=\u00a0\u00bbheader-with-button\u00a0\u00bb _builder_version=\u00a0\u00bb3.25&Prime;][et_pb_column type=\u00a0\u00bb4_4&Prime; _builder_version=\u00a0\u00bb3.25&Prime; background_position=\u00a0\u00bbtop_left\u00a0\u00bb custom_padding=\u00a0\u00bb|||\u00a0\u00bb custom_padding__hover=\u00a0\u00bb|||\u00a0\u00bb][et_pb_text admin_label=\u00a0\u00bbText &#8211; What clients h1&Prime; _builder_version=\u00a0\u00bb4.9.0&Prime; module_alignment=\u00a0\u00bbleft\u00a0\u00bb]\n<h1>D\u00e9couvrez comment obtenir plus de prospects de votre site Web<\/h1>\n[\/et_pb_text][\/et_pb_column][\/et_pb_row][et_pb_row _builder_version=\u00a0\u00bb4.9.0&Prime; _module_preset=\u00a0\u00bbdefault\u00a0\u00bb custom_padding=\u00a0\u00bb2px|||||\u00a0\u00bb][et_pb_column type=\u00a0\u00bb4_4&Prime; _builder_version=\u00a0\u00bb4.9.0&Prime; _module_preset=\u00a0\u00bbdefault\u00a0\u00bb][et_pb_text _builder_version=\u00a0\u00bb4.9.0&Prime; _module_preset=\u00a0\u00bbdefault\u00a0\u00bb max_width=\u00a0\u00bb76%\u00a0\u00bb max_width_tablet=\u00a0\u00bb\u00a0\u00bb max_width_phone=\u00a0\u00bb\u00a0\u00bb max_width_last_edited=\u00a0\u00bbon|desktop\u00a0\u00bb]\n<p style=\"text-align: justify;\">Avoir votre site Web visible sur les moteurs de recherche peut consid\u00e9rablement augmenter vos visiteurs, vos ventes, donc vos revenus. La plupart des propri\u00e9taires de sites Web pourraient mettre en \u0153uvre des modifications simples pour am\u00e9liorer leur classement sur Google.<\/p>\n<p style=\"text-align: justify;\">Nous savons tous que la plupart des gens recherchent actuellement des produits et des services sur Google. Ce mois-ci, nous offrons 25 analyses de vid\u00e9os GRATUITES (valeur de 299$) vous montrant comment vous pouvez arr\u00eater de donner vos prospects \u00e0 vos concurrents. Nous passons en revue les principales choses que vos concurrents font mieux que vous, par cons\u00e9quent, pourquoi leur site Web obtient des classements Google plus \u00e9lev\u00e9s que vous. Vous obtiendrez les solutions les plus rapides que vous pouvez appliquer imm\u00e9diatement pour am\u00e9liorer votre classement Google.<\/p>\n<p style=\"text-align: justify;\">\n<h4 style=\"text-align: justify;\">La premi\u00e8re page de r\u00e9sultats Google enregistre <strong> 89% de tous les clics <\/strong>. Les 11% de clics restants concernent les tonnes de pages suivantes.<\/h4>\n[\/et_pb_text][\/et_pb_column][\/et_pb_row][et_pb_row _builder_version=\u00a0\u00bb4.9.0&Prime; _module_preset=\u00a0\u00bbdefault\u00a0\u00bb custom_padding=\u00a0\u00bb2px|||||\u00a0\u00bb][et_pb_column type=\u00a0\u00bb4_4&Prime; _builder_version=\u00a0\u00bb4.9.0&Prime; _module_preset=\u00a0\u00bbdefault\u00a0\u00bb][et_pb_text _builder_version=\u00a0\u00bb4.9.0&Prime; _module_preset=\u00a0\u00bbdefault\u00a0\u00bb max_width=\u00a0\u00bb80%\u00a0\u00bb]\n<blockquote>\n<h3 style=\"text-align: left;\">Combien de clients potentiels perdez vous en n&rsquo;\u00e9tant pas sur la 1\u00e8re page de Google?<\/h3>\n<\/blockquote>\n<div style=\"text-align: center;\">\n<h3 style=\"text-align: center;\"><\/h3>\n<h2 style=\"font-size: 45px; text-align: center;\">Seulement\u00a0<span style=\"font-weight: bold; color: #7051aa;\">[Wow-Countdowns id=1]<\/span>\u00a0Analyse(s) vid\u00e9o restante.<\/h2>\n<p style=\"text-align: center;\">Remplissez le formulaire ci-dessous pour obtenir le v\u00f4tre ce mois-ci sinon vous serez sur la liste d&rsquo;attente pour le mois prochain!<\/p>\n<\/div>\n[\/et_pb_text][dsm_contact_form_7 cf7_library=\u00a0\u00bb282&Prime; button_alignment=\u00a0\u00bbcenter\u00a0\u00bb input_background_color=\u00a0\u00bb#FFFFFF\u00a0\u00bb _builder_version=\u00a0\u00bb4.9.0&Prime; _module_preset=\u00a0\u00bbdefault\u00a0\u00bb custom_button_one=\u00a0\u00bbon\u00a0\u00bb button_one_text_color=\u00a0\u00bb#FFFFFF\u00a0\u00bb button_one_bg_color=\u00a0\u00bb#6BA600&Prime; max_width=\u00a0\u00bb77%\u00a0\u00bb max_width_tablet=\u00a0\u00bb\u00a0\u00bb max_width_phone=\u00a0\u00bb\u00a0\u00bb max_width_last_edited=\u00a0\u00bbon|desktop\u00a0\u00bb custom_margin=\u00a0\u00bb39px||32px||false|false\u00a0\u00bb][\/dsm_contact_form_7][\/et_pb_column][\/et_pb_row][\/et_pb_section]\n","protected":false},"excerpt":{"rendered":"<p>Analyse SEO Vid\u00e9o<span property=\"itemListElement\" typeof=\"ListItem\"><a property=\"item\" typeof=\"WebPage\" title=\"Go to Premius Marketing Canada.\" href=\"https:\/\/premiusmarketing.com\/ca\/fr\/\" class=\"home\" ><span property=\"name\">Premius Marketing Canada<\/span><\/a><meta property=\"position\" content=\"1\"><\/span> &gt; <span property=\"itemListElement\" typeof=\"ListItem\"><a property=\"item\" typeof=\"WebPage\" title=\"Go to Blogue.\" href=\"https:\/\/premiusmarketing.com\/ca\/fr\/blogue\/\" class=\"post-root post post-post\" aria-current=\"page\"><span property=\"name\">Blogue<\/span><\/a><meta property=\"position\" content=\"2\"><\/span>D\u00e9couvrez comment obtenir plus de prospects de votre site WebAvoir votre site Web visible sur les moteurs de recherche peut consid\u00e9rablement augmenter vos visiteurs, vos ventes, donc vos revenus. La plupart des propri\u00e9taires de sites Web pourraient mettre en \u0153uvre des modifications simples pour am\u00e9liorer leur classement sur Google. Nous savons tous que [&hellip;]<\/p>\n","protected":false},"author":6,"featured_media":0,"parent":0,"menu_order":0,"comment_status":"closed","ping_status":"closed","template":"","meta":{"_et_pb_use_builder":"on","_et_pb_old_content":"","_et_gb_content_width":"","footnotes":""},"class_list":["post-5120","page","type-page","status-publish","hentry"],"jetpack_sharing_enabled":true,"_links":{"self":[{"href":"https:\/\/premiusmarketing.com\/ca\/fr\/wp-json\/wp\/v2\/pages\/5120","targetHints":{"allow":["GET"]}}],"collection":[{"href":"https:\/\/premiusmarketing.com\/ca\/fr\/wp-json\/wp\/v2\/pages"}],"about":[{"href":"https:\/\/premiusmarketing.com\/ca\/fr\/wp-json\/wp\/v2\/types\/page"}],"author":[{"embeddable":true,"href":"https:\/\/premiusmarketing.com\/ca\/fr\/wp-json\/wp\/v2\/users\/6"}],"replies":[{"embeddable":true,"href":"https:\/\/premiusmarketing.com\/ca\/fr\/wp-json\/wp\/v2\/comments?post=5120"}],"version-history":[{"count":0,"href":"https:\/\/premiusmarketing.com\/ca\/fr\/wp-json\/wp\/v2\/pages\/5120\/revisions"}],"wp:attachment":[{"href":"https:\/\/premiusmarketing.com\/ca\/fr\/wp-json\/wp\/v2\/media?parent=5120"}],"curies":[{"name":"wp","href":"https:\/\/api.w.org\/{rel}","templated":true}]}}