{"id":5802,"date":"2018-05-30T16:56:44","date_gmt":"2018-05-30T16:56:44","guid":{"rendered":"https:\/\/seomontreal.co\/?page_id=205"},"modified":"2018-05-30T16:56:44","modified_gmt":"2018-05-30T16:56:44","slug":"referencement-google-maps","status":"publish","type":"page","link":"https:\/\/premiusmarketing.com\/ca\/fr\/services\/referencement-google-maps\/","title":{"rendered":"R\u00e9f\u00e9recement Google Maps"},"content":{"rendered":"<h2><img loading=\"lazy\" decoding=\"async\" class=\"alignleft size-full wp-image-86\" src=\"https:\/\/premiusmarketing.com\/ca\/wp-content\/uploads\/2018\/03\/Google-maps-ranking-montreal.jpg\" alt=\"R\u00e9f\u00e9recement Google Maps montreal\" width=\"775\" height=\"596\" title=\"\">Montreal local SEO<\/h2>\n<p>L&rsquo;une des plus grandes sources de prospects pour une entreprise locale est le Google Maps. Des centaines de clics proviennent des 3 premiers r\u00e9sultats qui figurent en haut des r\u00e9sultats de recherche, le <strong>Google 3-Packs<\/strong>.\u00a0 C&rsquo;est une de nos expertises pour faire appara\u00eetre votre entreprise sur ces r\u00e9sultats.<\/p>\n<p>Le processus de classement d&rsquo;une entreprise dans les cartes Google est tr\u00e8s diff\u00e9rent du processus de classement d&rsquo;une entreprise dans les r\u00e9sultats organiques de Google sur la premi\u00e8re page. \u00catre class\u00e9 \u00e0 la fois dans Google Maps et sur la premi\u00e8re page sera sans l&rsquo;ombre d&rsquo;un doute extr\u00eamement b\u00e9n\u00e9fique pour un propri\u00e9taire d&rsquo;entreprise \u00e0 Montr\u00e9al. C&rsquo;est ce que nous sommes en mesure de faire pour de nombreuses entreprises dans la r\u00e9gion de Montr\u00e9al et ses environs gr\u00e2ce \u00e0 notre expertise SEO locale \u00e0 <a href=\"https:\/\/premiusmarketing.com\/ca\/fr\/\">SEO Montreal 360<\/a>.<\/p>\n<p>En tant que propri\u00e9taire d&rsquo;entreprise, il est important que vous surveilliez de pr\u00e8s les changements que Google apporte aux algorithmes des moteurs de recherche. Il peut vous fournir une excellente assistance en conservant les classements des moteurs de recherche.<\/p>\n<p>R\u00e9cemment, Google a introduit quelques changements significatifs dans le moteur de recherche, o\u00f9 ils ont chang\u00e9 la fa\u00e7on dont les r\u00e9sultats des moteurs de recherche sont affich\u00e9s. Si vous \u00eates pr\u00e9occup\u00e9 par Google mon entreprise SEO locale, vous devez avoir une compr\u00e9hension claire de ces changements. Sinon, vous trouverez qu&rsquo;il est difficile de suivre vos concurrents.<\/p>\n<p>&nbsp;<\/p>\n<h2>Quel est exactement le changement effectu\u00e9 par Google?<\/h2>\n<p>Dans le pass\u00e9, les sept premiers r\u00e9sultats de recherche \u00e9taient regroup\u00e9s dans un seul panneau. Cela a \u00e9t\u00e9 nomm\u00e9 comme le pack de 7. Si vous pouviez mettre votre site Web dans le pack de 7, vous avez eu l&rsquo;occasion de vous retrouver avec des r\u00e9sultats incroyables \u00e0 la fin de la journ\u00e9e. C&rsquo;est parce que tous les sites Web appartenant au pack 7 re\u00e7oivent beaucoup de trafic du moteur de recherche Google. Cependant, Google a maintenant r\u00e9duit le pack de 7 en seulement 3 r\u00e9sultats. Il est connu comme le 3-pack local de Google.<\/p>\n<p>Cela a cr\u00e9\u00e9 un \u00e9norme impact sur le trafic que les sites Web obtiennent de Google. Par cons\u00e9quent, il est important de prendre les mesures n\u00e9cessaires afin de surmonter les tracas cr\u00e9\u00e9s par ces changements.<\/p>\n<h2>Pourquoi Google a-t-il r\u00e9duit le pack de 7 en pack de 3?<\/h2>\n<p>Si le <strong> classement Google Maps <\/strong> vous pr\u00e9occupe, vous devez comprendre clairement pourquoi Google a introduit ces modifications. Il y a une raison pour chaque changement introduit par Google. Si vous avez une compr\u00e9hension claire, vous aurez l&rsquo;occasion de surmonter les tracas cr\u00e9\u00e9s par eux.<\/p>\n<p>L&rsquo;une des principales raisons pour lesquelles Google a introduit le pack de classement local est de rendre les r\u00e9sultats de recherche plus attrayants pour les utilisateurs mobiles. Le pack 7 est un peu trop g\u00eanant pour les personnes qui naviguent sur Google avec leurs appareils mobiles. Par cons\u00e9quent, Google est venu avec le besoin de <a href=\"https:\/\/searchengineland.com\/google-updates-the-local-pack-showing-3-instead-of-7-local-results-227368\" target=\"_blank\" rel=\"noopener\"> r\u00e9duire le pack de 7<\/a>. Par cons\u00e9quent, 3 a \u00e9t\u00e9 choisi comme le nombre id\u00e9al pour aller de l&rsquo;avant avec. En raison de ce changement, m\u00eame <strong> Google Maps SEO <\/strong> a \u00e9t\u00e9 modifi\u00e9 et vous devrez r\u00e9fl\u00e9chir \u00e0 la fa\u00e7on de vous adapter \u00e0 ces nouveaux changements.<\/p>\n<p>&nbsp;<\/p>\n<h2>Comment obtenir votre site Web pour le 3-pack de Google?<\/h2>\n<p>Selon Google, les 4 derniers r\u00e9sultats de recherche du pack 7 ne g\u00e9n\u00e9raient pas beaucoup de trafic en tant que top 3. Par cons\u00e9quent, Google affirme que les gens n&rsquo;ont pas besoin de s&rsquo;inqui\u00e9ter trop des changements nouvellement introduits. Cependant, ce serait une bonne id\u00e9e de placer votre site Web dans le pack de trois, afin que vous puissiez continuer \u00e0 gagner de l&rsquo;argent sans rencontrer de probl\u00e8mes. C&rsquo;est l\u00e0 que l&rsquo;\u00e9quipe <strong> SEO locale de Montr\u00e9al <\/strong> peut vous aider.<\/p>\n<p>Nous pouvons vous fournir une excellente assistance pour mettre votre site Web dans le pack de trois et inverser tous les effets n\u00e9gatifs caus\u00e9s par le r\u00e9cent changement de l&rsquo;algorithme de Google.<\/p>\n<h3>Article int\u00e9ressant \u00e0 lire<\/h3>\n<p>\u00bb <span style=\"text-decoration: underline;\"><a href=\"https:\/\/premiusmarketing.com\/ca\/fr\/mise-a-jour-google-maps\/\">Pourquoi la concurrence est-elle plus grande avec la mise \u00e0 jour Google Maps?<\/a><\/span><\/p>\n<p>&nbsp;<\/p>\n<h3>Services recommand\u00e9s pour obtenir plus de prospects et plus de trafic vers votre site Web<\/h3>\n<p>\u00bb <a href=\"https:\/\/premiusmarketing.com\/ca\/fr\/services\/analyse-seo-recherche-de-mots-cle\/\"><span style=\"text-decoration: underline;\">Analyse approfondie et compl\u00e8te du r\u00e9f\u00e9rencement<\/span><\/a><br \/>\n\u00bb <a href=\"https:\/\/premiusmarketing.com\/ca\/fr\/services\/optimization-sur-site\/\"><span style=\"text-decoration: underline;\">Meilleur r\u00e9f\u00e9rencement sur-site pour booster vos classements<\/span><\/a><br \/>\n\u00bb <a href=\"https:\/\/premiusmarketing.com\/ca\/fr\/services\/optimization-hors-site\/\"><span style=\"text-decoration: underline;\">Puissant hors-page SEO &amp; Service de backlink<\/span><\/a><\/p>\n","protected":false},"excerpt":{"rendered":"<p>Montreal local SEO L&rsquo;une des plus grandes sources de prospects pour une entreprise locale est le Google Maps. Des centaines de clics proviennent des 3 premiers r\u00e9sultats qui figurent en haut des r\u00e9sultats de recherche, le Google 3-Packs.\u00a0 C&rsquo;est une de nos expertises pour faire appara\u00eetre votre entreprise sur ces r\u00e9sultats. Le processus de classement [&hellip;]<\/p>\n","protected":false},"author":6,"featured_media":86,"parent":207,"menu_order":0,"comment_status":"closed","ping_status":"closed","template":"","meta":{"_et_pb_use_builder":"","_et_pb_old_content":"","_et_gb_content_width":"","footnotes":""},"class_list":["post-5802","page","type-page","status-publish","has-post-thumbnail","hentry"],"jetpack_sharing_enabled":true,"_links":{"self":[{"href":"https:\/\/premiusmarketing.com\/ca\/fr\/wp-json\/wp\/v2\/pages\/5802","targetHints":{"allow":["GET"]}}],"collection":[{"href":"https:\/\/premiusmarketing.com\/ca\/fr\/wp-json\/wp\/v2\/pages"}],"about":[{"href":"https:\/\/premiusmarketing.com\/ca\/fr\/wp-json\/wp\/v2\/types\/page"}],"author":[{"embeddable":true,"href":"https:\/\/premiusmarketing.com\/ca\/fr\/wp-json\/wp\/v2\/users\/6"}],"replies":[{"embeddable":true,"href":"https:\/\/premiusmarketing.com\/ca\/fr\/wp-json\/wp\/v2\/comments?post=5802"}],"version-history":[{"count":0,"href":"https:\/\/premiusmarketing.com\/ca\/fr\/wp-json\/wp\/v2\/pages\/5802\/revisions"}],"up":[{"embeddable":true,"href":"https:\/\/premiusmarketing.com\/ca\/fr\/wp-json\/wp\/v2\/pages\/207"}],"wp:featuredmedia":[{"embeddable":true,"href":"https:\/\/premiusmarketing.com\/ca\/fr\/wp-json\/"}],"wp:attachment":[{"href":"https:\/\/premiusmarketing.com\/ca\/fr\/wp-json\/wp\/v2\/media?parent=5802"}],"curies":[{"name":"wp","href":"https:\/\/api.w.org\/{rel}","templated":true}]}}